{"id":1310,"date":"2021-02-08T00:24:38","date_gmt":"2021-02-08T00:24:38","guid":{"rendered":"http:\/\/javierh.sgedu.site\/?post_type=product&#038;p=1310"},"modified":"2024-07-26T12:50:07","modified_gmt":"2024-07-26T12:50:07","slug":"conjuguer-le-verbe","status":"publish","type":"product","link":"https:\/\/myclass.mc\/en\/product\/conjuguer-le-verbe\/","title":{"rendered":"Conjuguer le verbe"},"content":{"rendered":"","protected":false},"excerpt":{"rendered":"<p>\u00c0 quoi sert le verbe ? Comment se construit-il ?<\/p>","protected":false},"featured_media":17127,"comment_status":"open","ping_status":"closed","template":"","meta":{"_kadence_starter_templates_imported_post":false,"_kad_post_transparent":"default","_kad_post_title":"","_kad_post_layout":"default","_kad_post_sidebar_id":"","_kad_post_content_style":"default","_kad_post_vertical_padding":"default","_kad_post_feature":"","_kad_post_feature_position":"","_kad_post_header":false,"_kad_post_footer":false},"product_brand":[],"product_cat":[15,57],"product_tag":[39,40],"class_list":{"0":"post-1310","1":"product","2":"type-product","3":"status-publish","4":"has-post-thumbnail","6":"product_cat-cm1-cm2","7":"product_cat-conjugaison","8":"product_tag-lecon-7","9":"product_tag-lesson-7","11":"first","12":"instock","13":"virtual","14":"sold-individually","15":"taxable","16":"purchasable","17":"product-type-simple","18":"entry","19":"content-bg","20":"loop-entry"},"yoast_head":"<!-- This site is optimized with the Yoast SEO plugin v27.5 - https:\/\/yoast.com\/product\/yoast-seo-wordpress\/ -->\n<title>Conjuguer le verbe - Apprendre \u00e0 conjuguer le verbe - MyClass<\/title>\n<meta name=\"description\" content=\"Le verbe est un mot variable qui se conjugue. Il est conjugu\u00e9 lorsque son \u00e9criture change selon le sujet du verbe ou le temps de la phrase.\" \/>\n<meta name=\"robots\" content=\"index, follow, max-snippet:-1, max-image-preview:large, max-video-preview:-1\" \/>\n<link rel=\"canonical\" href=\"https:\/\/myclass.mc\/en\/product\/conjuguer-le-verbe\/\" \/>\n<meta property=\"og:locale\" content=\"en_US\" \/>\n<meta property=\"og:type\" content=\"article\" \/>\n<meta property=\"og:title\" content=\"Conjuguer le verbe - Apprendre \u00e0 conjuguer le verbe - MyClass\" \/>\n<meta property=\"og:description\" content=\"Le verbe est un mot variable qui se conjugue. Il est conjugu\u00e9 lorsque son \u00e9criture change selon le sujet du verbe ou le temps de la phrase.\" \/>\n<meta property=\"og:url\" content=\"https:\/\/myclass.mc\/en\/product\/conjuguer-le-verbe\/\" \/>\n<meta property=\"og:site_name\" content=\"MyClass\" \/>\n<meta property=\"article:modified_time\" content=\"2024-07-26T12:50:07+00:00\" \/>\n<meta property=\"og:image\" content=\"https:\/\/myclass.mc\/wp-content\/uploads\/2022\/03\/EP07-Conjuguer-le-verbe.png\" \/>\n\t<meta property=\"og:image:width\" content=\"600\" \/>\n\t<meta property=\"og:image:height\" content=\"338\" \/>\n\t<meta property=\"og:image:type\" content=\"image\/png\" \/>\n<meta name=\"twitter:card\" content=\"summary_large_image\" \/>\n<script type=\"application\/ld+json\" class=\"yoast-schema-graph\">{\"@context\":\"https:\\\/\\\/schema.org\",\"@graph\":[{\"@type\":\"WebPage\",\"@id\":\"https:\\\/\\\/myclass.mc\\\/product\\\/conjuguer-le-verbe\\\/\",\"url\":\"https:\\\/\\\/myclass.mc\\\/product\\\/conjuguer-le-verbe\\\/\",\"name\":\"Conjuguer le verbe - Apprendre \u00e0 conjuguer le verbe - MyClass\",\"isPartOf\":{\"@id\":\"https:\\\/\\\/myclass.mc\\\/#website\"},\"primaryImageOfPage\":{\"@id\":\"https:\\\/\\\/myclass.mc\\\/product\\\/conjuguer-le-verbe\\\/#primaryimage\"},\"image\":{\"@id\":\"https:\\\/\\\/myclass.mc\\\/product\\\/conjuguer-le-verbe\\\/#primaryimage\"},\"thumbnailUrl\":\"https:\\\/\\\/myclass.mc\\\/wp-content\\\/uploads\\\/2022\\\/03\\\/EP07-Conjuguer-le-verbe.png\",\"datePublished\":\"2021-02-08T00:24:38+00:00\",\"dateModified\":\"2024-07-26T12:50:07+00:00\",\"description\":\"Le verbe est un mot variable qui se conjugue. Il est conjugu\u00e9 lorsque son \u00e9criture change selon le sujet du verbe ou le temps de la phrase.\",\"breadcrumb\":{\"@id\":\"https:\\\/\\\/myclass.mc\\\/product\\\/conjuguer-le-verbe\\\/#breadcrumb\"},\"inLanguage\":\"en-US\",\"potentialAction\":[{\"@type\":\"ReadAction\",\"target\":[\"https:\\\/\\\/myclass.mc\\\/product\\\/conjuguer-le-verbe\\\/\"]}]},{\"@type\":\"ImageObject\",\"inLanguage\":\"en-US\",\"@id\":\"https:\\\/\\\/myclass.mc\\\/product\\\/conjuguer-le-verbe\\\/#primaryimage\",\"url\":\"https:\\\/\\\/myclass.mc\\\/wp-content\\\/uploads\\\/2022\\\/03\\\/EP07-Conjuguer-le-verbe.png\",\"contentUrl\":\"https:\\\/\\\/myclass.mc\\\/wp-content\\\/uploads\\\/2022\\\/03\\\/EP07-Conjuguer-le-verbe.png\",\"width\":600,\"height\":338},{\"@type\":\"BreadcrumbList\",\"@id\":\"https:\\\/\\\/myclass.mc\\\/product\\\/conjuguer-le-verbe\\\/#breadcrumb\",\"itemListElement\":[{\"@type\":\"ListItem\",\"position\":1,\"name\":\"Accueil\",\"item\":\"https:\\\/\\\/myclass.mc\\\/\"},{\"@type\":\"ListItem\",\"position\":2,\"name\":\"BOUTIQUE\",\"item\":\"https:\\\/\\\/myclass.mc\\\/en\\\/boutique\\\/\"},{\"@type\":\"ListItem\",\"position\":3,\"name\":\"Conjuguer le verbe\"}]},{\"@type\":\"WebSite\",\"@id\":\"https:\\\/\\\/myclass.mc\\\/#website\",\"url\":\"https:\\\/\\\/myclass.mc\\\/\",\"name\":\"MyClass\",\"description\":\"Apprendre en s&#039;amusant !\",\"publisher\":{\"@id\":\"https:\\\/\\\/myclass.mc\\\/#organization\"},\"potentialAction\":[{\"@type\":\"SearchAction\",\"target\":{\"@type\":\"EntryPoint\",\"urlTemplate\":\"https:\\\/\\\/myclass.mc\\\/?s={search_term_string}\"},\"query-input\":{\"@type\":\"PropertyValueSpecification\",\"valueRequired\":true,\"valueName\":\"search_term_string\"}}],\"inLanguage\":\"en-US\"},{\"@type\":\"Organization\",\"@id\":\"https:\\\/\\\/myclass.mc\\\/#organization\",\"name\":\"MyClass\",\"url\":\"https:\\\/\\\/myclass.mc\\\/\",\"logo\":{\"@type\":\"ImageObject\",\"inLanguage\":\"en-US\",\"@id\":\"https:\\\/\\\/myclass.mc\\\/#\\\/schema\\\/logo\\\/image\\\/\",\"url\":\"https:\\\/\\\/myclass.mc\\\/wp-content\\\/uploads\\\/2021\\\/01\\\/00HeaderLogo.png\",\"contentUrl\":\"https:\\\/\\\/myclass.mc\\\/wp-content\\\/uploads\\\/2021\\\/01\\\/00HeaderLogo.png\",\"width\":134,\"height\":63,\"caption\":\"MyClass\"},\"image\":{\"@id\":\"https:\\\/\\\/myclass.mc\\\/#\\\/schema\\\/logo\\\/image\\\/\"}}]}<\/script>\n<!-- \/ Yoast SEO plugin. -->","yoast_head_json":{"title":"Conjuguer le verbe - Apprendre \u00e0 conjuguer le verbe - MyClass","description":"Le verbe est un mot variable qui se conjugue. Il est conjugu\u00e9 lorsque son \u00e9criture change selon le sujet du verbe ou le temps de la phrase.","robots":{"index":"index","follow":"follow","max-snippet":"max-snippet:-1","max-image-preview":"max-image-preview:large","max-video-preview":"max-video-preview:-1"},"canonical":"https:\/\/myclass.mc\/en\/product\/conjuguer-le-verbe\/","og_locale":"en_US","og_type":"article","og_title":"Conjuguer le verbe - Apprendre \u00e0 conjuguer le verbe - MyClass","og_description":"Le verbe est un mot variable qui se conjugue. Il est conjugu\u00e9 lorsque son \u00e9criture change selon le sujet du verbe ou le temps de la phrase.","og_url":"https:\/\/myclass.mc\/en\/product\/conjuguer-le-verbe\/","og_site_name":"MyClass","article_modified_time":"2024-07-26T12:50:07+00:00","og_image":[{"width":600,"height":338,"url":"https:\/\/myclass.mc\/wp-content\/uploads\/2022\/03\/EP07-Conjuguer-le-verbe.png","type":"image\/png"}],"twitter_card":"summary_large_image","schema":{"@context":"https:\/\/schema.org","@graph":[{"@type":"WebPage","@id":"https:\/\/myclass.mc\/product\/conjuguer-le-verbe\/","url":"https:\/\/myclass.mc\/product\/conjuguer-le-verbe\/","name":"Conjuguer le verbe - Apprendre \u00e0 conjuguer le verbe - MyClass","isPartOf":{"@id":"https:\/\/myclass.mc\/#website"},"primaryImageOfPage":{"@id":"https:\/\/myclass.mc\/product\/conjuguer-le-verbe\/#primaryimage"},"image":{"@id":"https:\/\/myclass.mc\/product\/conjuguer-le-verbe\/#primaryimage"},"thumbnailUrl":"https:\/\/myclass.mc\/wp-content\/uploads\/2022\/03\/EP07-Conjuguer-le-verbe.png","datePublished":"2021-02-08T00:24:38+00:00","dateModified":"2024-07-26T12:50:07+00:00","description":"Le verbe est un mot variable qui se conjugue. Il est conjugu\u00e9 lorsque son \u00e9criture change selon le sujet du verbe ou le temps de la phrase.","breadcrumb":{"@id":"https:\/\/myclass.mc\/product\/conjuguer-le-verbe\/#breadcrumb"},"inLanguage":"en-US","potentialAction":[{"@type":"ReadAction","target":["https:\/\/myclass.mc\/product\/conjuguer-le-verbe\/"]}]},{"@type":"ImageObject","inLanguage":"en-US","@id":"https:\/\/myclass.mc\/product\/conjuguer-le-verbe\/#primaryimage","url":"https:\/\/myclass.mc\/wp-content\/uploads\/2022\/03\/EP07-Conjuguer-le-verbe.png","contentUrl":"https:\/\/myclass.mc\/wp-content\/uploads\/2022\/03\/EP07-Conjuguer-le-verbe.png","width":600,"height":338},{"@type":"BreadcrumbList","@id":"https:\/\/myclass.mc\/product\/conjuguer-le-verbe\/#breadcrumb","itemListElement":[{"@type":"ListItem","position":1,"name":"Accueil","item":"https:\/\/myclass.mc\/"},{"@type":"ListItem","position":2,"name":"BOUTIQUE","item":"https:\/\/myclass.mc\/en\/boutique\/"},{"@type":"ListItem","position":3,"name":"Conjuguer le verbe"}]},{"@type":"WebSite","@id":"https:\/\/myclass.mc\/#website","url":"https:\/\/myclass.mc\/","name":"MyClass","description":"Apprendre en s&#039;amusant !","publisher":{"@id":"https:\/\/myclass.mc\/#organization"},"potentialAction":[{"@type":"SearchAction","target":{"@type":"EntryPoint","urlTemplate":"https:\/\/myclass.mc\/?s={search_term_string}"},"query-input":{"@type":"PropertyValueSpecification","valueRequired":true,"valueName":"search_term_string"}}],"inLanguage":"en-US"},{"@type":"Organization","@id":"https:\/\/myclass.mc\/#organization","name":"MyClass","url":"https:\/\/myclass.mc\/","logo":{"@type":"ImageObject","inLanguage":"en-US","@id":"https:\/\/myclass.mc\/#\/schema\/logo\/image\/","url":"https:\/\/myclass.mc\/wp-content\/uploads\/2021\/01\/00HeaderLogo.png","contentUrl":"https:\/\/myclass.mc\/wp-content\/uploads\/2021\/01\/00HeaderLogo.png","width":134,"height":63,"caption":"MyClass"},"image":{"@id":"https:\/\/myclass.mc\/#\/schema\/logo\/image\/"}}]}},"_links":{"self":[{"href":"https:\/\/myclass.mc\/en\/wp-json\/wp\/v2\/product\/1310","targetHints":{"allow":["GET"]}}],"collection":[{"href":"https:\/\/myclass.mc\/en\/wp-json\/wp\/v2\/product"}],"about":[{"href":"https:\/\/myclass.mc\/en\/wp-json\/wp\/v2\/types\/product"}],"replies":[{"embeddable":true,"href":"https:\/\/myclass.mc\/en\/wp-json\/wp\/v2\/comments?post=1310"}],"version-history":[{"count":0,"href":"https:\/\/myclass.mc\/en\/wp-json\/wp\/v2\/product\/1310\/revisions"}],"wp:featuredmedia":[{"embeddable":true,"href":"https:\/\/myclass.mc\/en\/wp-json\/wp\/v2\/media\/17127"}],"wp:attachment":[{"href":"https:\/\/myclass.mc\/en\/wp-json\/wp\/v2\/media?parent=1310"}],"wp:term":[{"taxonomy":"product_brand","embeddable":true,"href":"https:\/\/myclass.mc\/en\/wp-json\/wp\/v2\/product_brand?post=1310"},{"taxonomy":"product_cat","embeddable":true,"href":"https:\/\/myclass.mc\/en\/wp-json\/wp\/v2\/product_cat?post=1310"},{"taxonomy":"product_tag","embeddable":true,"href":"https:\/\/myclass.mc\/en\/wp-json\/wp\/v2\/product_tag?post=1310"}],"curies":[{"name":"wp","href":"https:\/\/api.w.org\/{rel}","templated":true}]}}