{"id":6549,"date":"2021-07-07T02:21:58","date_gmt":"2021-07-07T02:21:58","guid":{"rendered":"https:\/\/myclass.mc\/?page_id=6549"},"modified":"2021-07-07T05:43:19","modified_gmt":"2021-07-07T05:43:19","slug":"register_confirmation","status":"publish","type":"page","link":"https:\/\/myclass.mc\/en\/register_confirmation\/","title":{"rendered":"Register_confirmation"},"content":{"rendered":"<div data-elementor-type=\"wp-page\" data-elementor-id=\"6549\" class=\"elementor elementor-6549\">\n\t\t\t\t\t\t<section class=\"elementor-section elementor-top-section elementor-element elementor-element-0d8a4a4 elementor-section-height-min-height elementor-section-full_width elementor-section-stretched elementor-section-height-default elementor-section-items-middle\" data-id=\"0d8a4a4\" data-element_type=\"section\" data-e-type=\"section\" data-settings=\"{&quot;background_background&quot;:&quot;classic&quot;,&quot;stretch_section&quot;:&quot;section-stretched&quot;}\">\n\t\t\t\t\t\t<div class=\"elementor-container elementor-column-gap-custom\">\n\t\t\t\t\t<div class=\"elementor-column elementor-col-100 elementor-top-column elementor-element elementor-element-082972c\" data-id=\"082972c\" data-element_type=\"column\" data-e-type=\"column\">\n\t\t\t<div class=\"elementor-widget-wrap\">\n\t\t\t\t\t\t\t<\/div>\n\t\t<\/div>\n\t\t\t\t\t<\/div>\n\t\t<\/section>\n\t\t\t\t<section class=\"elementor-section elementor-top-section elementor-element elementor-element-92f5426 elementor-section-boxed elementor-section-height-default elementor-section-height-default\" data-id=\"92f5426\" data-element_type=\"section\" data-e-type=\"section\">\n\t\t\t\t\t\t<div class=\"elementor-container elementor-column-gap-custom\">\n\t\t\t\t\t<div class=\"elementor-column elementor-col-100 elementor-top-column elementor-element elementor-element-4cb1a53\" data-id=\"4cb1a53\" data-element_type=\"column\" data-e-type=\"column\" data-settings=\"{&quot;background_background&quot;:&quot;classic&quot;}\">\n\t\t\t<div class=\"elementor-widget-wrap elementor-element-populated\">\n\t\t\t\t\t\t<div class=\"elementor-element elementor-element-5e4e4f0 elementor-widget elementor-widget-heading\" data-id=\"5e4e4f0\" data-element_type=\"widget\" data-e-type=\"widget\" data-widget_type=\"heading.default\">\n\t\t\t\t<div class=\"elementor-widget-container\">\n\t\t\t\t\t<h2 class=\"elementor-heading-title elementor-size-default\">CR\u00c9ER VOTRE PROFIL<\/h2>\t\t\t\t<\/div>\n\t\t\t\t<\/div>\n\t\t\t\t\t<\/div>\n\t\t<\/div>\n\t\t\t\t\t<\/div>\n\t\t<\/section>\n\t\t\t\t<section class=\"elementor-section elementor-top-section elementor-element elementor-element-ff9c449 elementor-section-boxed elementor-section-height-default elementor-section-height-default\" data-id=\"ff9c449\" data-element_type=\"section\" data-e-type=\"section\">\n\t\t\t\t\t\t<div class=\"elementor-container elementor-column-gap-default\">\n\t\t\t\t\t<div class=\"elementor-column elementor-col-100 elementor-top-column elementor-element elementor-element-79eefea\" data-id=\"79eefea\" data-element_type=\"column\" data-e-type=\"column\" data-settings=\"{&quot;background_background&quot;:&quot;classic&quot;}\">\n\t\t\t<div class=\"elementor-widget-wrap elementor-element-populated\">\n\t\t\t\t\t\t<div class=\"elementor-element elementor-element-bdecdc9 elementor-widget elementor-widget-text-editor\" data-id=\"bdecdc9\" data-element_type=\"widget\" data-e-type=\"widget\" data-widget_type=\"text-editor.default\">\n\t\t\t\t<div class=\"elementor-widget-container\">\n\t\t\t\t\t\t\t\t\t<h4>Toutes nos f\u00e9licitations!<\/h4><h4>Votre compte a \u00e9t\u00e9 cr\u00e9\u00e9. Vous \u00eates maintenant redirig\u00e9 pour voir toutes nos le\u00e7ons.<\/h4><p>**Veuillez noter que vous ne pouvez pas acheter de cours tant que votre compte n&#8217;est pas approuv\u00e9.<\/p><p><a href=\"http:\/\/myclass.mc\/apprendre-le-francais-aux-enfants\/\">Vous n&#8217;\u00eates pas redirig\u00e9 automatiquement\u00a0? Cliquez ici<\/a><\/p>\t\t\t\t\t\t\t\t<\/div>\n\t\t\t\t<\/div>\n\t\t\t\t\t<\/div>\n\t\t<\/div>\n\t\t\t\t\t<\/div>\n\t\t<\/section>\n\t\t\t\t<section class=\"elementor-section elementor-top-section elementor-element elementor-element-9704d0d elementor-section-boxed elementor-section-height-default elementor-section-height-default\" data-id=\"9704d0d\" data-element_type=\"section\" data-e-type=\"section\">\n\t\t\t\t\t\t<div class=\"elementor-container elementor-column-gap-default\">\n\t\t\t\t\t<div class=\"elementor-column elementor-col-100 elementor-top-column elementor-element elementor-element-25480f2\" data-id=\"25480f2\" data-element_type=\"column\" data-e-type=\"column\">\n\t\t\t<div class=\"elementor-widget-wrap elementor-element-populated\">\n\t\t\t\t\t\t<div class=\"elementor-element elementor-element-3d9e741 elementor-widget__width-initial elementor-absolute elementor-widget elementor-widget-image\" data-id=\"3d9e741\" data-element_type=\"widget\" data-e-type=\"widget\" data-settings=\"{&quot;_position&quot;:&quot;absolute&quot;}\" data-widget_type=\"image.default\">\n\t\t\t\t<div class=\"elementor-widget-container\">\n\t\t\t\t\t\t\t\t\t\t\t\t\t\t\t<img fetchpriority=\"high\" decoding=\"async\" width=\"925\" height=\"667\" src=\"https:\/\/myclass.mc\/wp-content\/uploads\/2021\/01\/create-profil-graphy@2x.png\" class=\"attachment-large size-large wp-image-691\" alt=\"\" srcset=\"https:\/\/myclass.mc\/wp-content\/uploads\/2021\/01\/create-profil-graphy@2x.png 925w, https:\/\/myclass.mc\/wp-content\/uploads\/2021\/01\/create-profil-graphy@2x-300x216.png 300w, https:\/\/myclass.mc\/wp-content\/uploads\/2021\/01\/create-profil-graphy@2x-600x433.png 600w, https:\/\/myclass.mc\/wp-content\/uploads\/2021\/01\/create-profil-graphy@2x-768x554.png 768w, https:\/\/myclass.mc\/wp-content\/uploads\/2021\/01\/create-profil-graphy@2x-16x12.png 16w\" sizes=\"(max-width: 925px) 100vw, 925px\" \/>\t\t\t\t\t\t\t\t\t\t\t\t\t\t\t<\/div>\n\t\t\t\t<\/div>\n\t\t\t\t\t<\/div>\n\t\t<\/div>\n\t\t\t\t\t<\/div>\n\t\t<\/section>\n\t\t\t\t<\/div>","protected":false},"excerpt":{"rendered":"<p>CR\u00c9ER VOTRE PROFIL Toutes nos f\u00e9licitations! Votre compte a \u00e9t\u00e9 cr\u00e9\u00e9. Vous \u00eates maintenant redirig\u00e9 pour voir toutes nos le\u00e7ons. **Veuillez noter que vous ne pouvez pas acheter de cours tant que votre compte n&#8217;est pas approuv\u00e9. Vous n&#8217;\u00eates pas redirig\u00e9 automatiquement\u00a0? Cliquez ici<\/p>","protected":false},"author":1,"featured_media":0,"parent":0,"menu_order":0,"comment_status":"closed","ping_status":"closed","template":"elementor_header_footer","meta":{"_kadence_starter_templates_imported_post":false,"_kad_post_transparent":"","_kad_post_title":"","_kad_post_layout":"","_kad_post_sidebar_id":"","_kad_post_content_style":"","_kad_post_vertical_padding":"","_kad_post_feature":"","_kad_post_feature_position":"","_kad_post_header":false,"_kad_post_footer":false,"footnotes":""},"class_list":["post-6549","page","type-page","status-publish","hentry"],"yoast_head":"<!-- This site is optimized with the Yoast SEO plugin v27.5 - https:\/\/yoast.com\/product\/yoast-seo-wordpress\/ -->\n<title>Register_confirmation - MyClass<\/title>\n<meta name=\"robots\" content=\"index, follow, max-snippet:-1, max-image-preview:large, max-video-preview:-1\" \/>\n<link rel=\"canonical\" href=\"https:\/\/myclass.mc\/en\/register_confirmation\/\" \/>\n<meta property=\"og:locale\" content=\"en_US\" \/>\n<meta property=\"og:type\" content=\"article\" \/>\n<meta property=\"og:title\" content=\"Register_confirmation - MyClass\" \/>\n<meta property=\"og:description\" content=\"CR\u00c9ER VOTRE PROFIL Toutes nos f\u00e9licitations! Votre compte a \u00e9t\u00e9 cr\u00e9\u00e9. Vous \u00eates maintenant redirig\u00e9 pour voir toutes nos le\u00e7ons. **Veuillez noter que vous ne pouvez pas acheter de cours tant que votre compte n&#8217;est pas approuv\u00e9. Vous n&#8217;\u00eates pas redirig\u00e9 automatiquement\u00a0? Cliquez ici\" \/>\n<meta property=\"og:url\" content=\"https:\/\/myclass.mc\/en\/register_confirmation\/\" \/>\n<meta property=\"og:site_name\" content=\"MyClass\" \/>\n<meta property=\"article:modified_time\" content=\"2021-07-07T05:43:19+00:00\" \/>\n<meta property=\"og:image\" content=\"https:\/\/myclass.mc\/wp-content\/uploads\/2021\/01\/create-profil-graphy@2x.png\" \/>\n<meta name=\"twitter:card\" content=\"summary_large_image\" \/>\n<meta name=\"twitter:label1\" content=\"Est. reading time\" \/>\n\t<meta name=\"twitter:data1\" content=\"1 minute\" \/>\n<script type=\"application\/ld+json\" class=\"yoast-schema-graph\">{\"@context\":\"https:\\\/\\\/schema.org\",\"@graph\":[{\"@type\":\"WebPage\",\"@id\":\"https:\\\/\\\/myclass.mc\\\/register_confirmation\\\/\",\"url\":\"https:\\\/\\\/myclass.mc\\\/register_confirmation\\\/\",\"name\":\"Register_confirmation - MyClass\",\"isPartOf\":{\"@id\":\"https:\\\/\\\/myclass.mc\\\/#website\"},\"primaryImageOfPage\":{\"@id\":\"https:\\\/\\\/myclass.mc\\\/register_confirmation\\\/#primaryimage\"},\"image\":{\"@id\":\"https:\\\/\\\/myclass.mc\\\/register_confirmation\\\/#primaryimage\"},\"thumbnailUrl\":\"https:\\\/\\\/myclass.mc\\\/wp-content\\\/uploads\\\/2021\\\/01\\\/create-profil-graphy@2x.png\",\"datePublished\":\"2021-07-07T02:21:58+00:00\",\"dateModified\":\"2021-07-07T05:43:19+00:00\",\"breadcrumb\":{\"@id\":\"https:\\\/\\\/myclass.mc\\\/register_confirmation\\\/#breadcrumb\"},\"inLanguage\":\"en-US\",\"potentialAction\":[{\"@type\":\"ReadAction\",\"target\":[\"https:\\\/\\\/myclass.mc\\\/register_confirmation\\\/\"]}]},{\"@type\":\"ImageObject\",\"inLanguage\":\"en-US\",\"@id\":\"https:\\\/\\\/myclass.mc\\\/register_confirmation\\\/#primaryimage\",\"url\":\"https:\\\/\\\/myclass.mc\\\/wp-content\\\/uploads\\\/2021\\\/01\\\/create-profil-graphy@2x.png\",\"contentUrl\":\"https:\\\/\\\/myclass.mc\\\/wp-content\\\/uploads\\\/2021\\\/01\\\/create-profil-graphy@2x.png\"},{\"@type\":\"BreadcrumbList\",\"@id\":\"https:\\\/\\\/myclass.mc\\\/register_confirmation\\\/#breadcrumb\",\"itemListElement\":[{\"@type\":\"ListItem\",\"position\":1,\"name\":\"Accueil\",\"item\":\"https:\\\/\\\/myclass.mc\\\/\"},{\"@type\":\"ListItem\",\"position\":2,\"name\":\"Register_confirmation\"}]},{\"@type\":\"WebSite\",\"@id\":\"https:\\\/\\\/myclass.mc\\\/#website\",\"url\":\"https:\\\/\\\/myclass.mc\\\/\",\"name\":\"MyClass\",\"description\":\"Apprendre en s&#039;amusant !\",\"publisher\":{\"@id\":\"https:\\\/\\\/myclass.mc\\\/#organization\"},\"potentialAction\":[{\"@type\":\"SearchAction\",\"target\":{\"@type\":\"EntryPoint\",\"urlTemplate\":\"https:\\\/\\\/myclass.mc\\\/?s={search_term_string}\"},\"query-input\":{\"@type\":\"PropertyValueSpecification\",\"valueRequired\":true,\"valueName\":\"search_term_string\"}}],\"inLanguage\":\"en-US\"},{\"@type\":\"Organization\",\"@id\":\"https:\\\/\\\/myclass.mc\\\/#organization\",\"name\":\"MyClass\",\"url\":\"https:\\\/\\\/myclass.mc\\\/\",\"logo\":{\"@type\":\"ImageObject\",\"inLanguage\":\"en-US\",\"@id\":\"https:\\\/\\\/myclass.mc\\\/#\\\/schema\\\/logo\\\/image\\\/\",\"url\":\"https:\\\/\\\/myclass.mc\\\/wp-content\\\/uploads\\\/2021\\\/01\\\/00HeaderLogo.png\",\"contentUrl\":\"https:\\\/\\\/myclass.mc\\\/wp-content\\\/uploads\\\/2021\\\/01\\\/00HeaderLogo.png\",\"width\":134,\"height\":63,\"caption\":\"MyClass\"},\"image\":{\"@id\":\"https:\\\/\\\/myclass.mc\\\/#\\\/schema\\\/logo\\\/image\\\/\"}}]}<\/script>\n<!-- \/ Yoast SEO plugin. -->","yoast_head_json":{"title":"Register_confirmation - MyClass","robots":{"index":"index","follow":"follow","max-snippet":"max-snippet:-1","max-image-preview":"max-image-preview:large","max-video-preview":"max-video-preview:-1"},"canonical":"https:\/\/myclass.mc\/en\/register_confirmation\/","og_locale":"en_US","og_type":"article","og_title":"Register_confirmation - MyClass","og_description":"CR\u00c9ER VOTRE PROFIL Toutes nos f\u00e9licitations! Votre compte a \u00e9t\u00e9 cr\u00e9\u00e9. Vous \u00eates maintenant redirig\u00e9 pour voir toutes nos le\u00e7ons. **Veuillez noter que vous ne pouvez pas acheter de cours tant que votre compte n&#8217;est pas approuv\u00e9. Vous n&#8217;\u00eates pas redirig\u00e9 automatiquement\u00a0? Cliquez ici","og_url":"https:\/\/myclass.mc\/en\/register_confirmation\/","og_site_name":"MyClass","article_modified_time":"2021-07-07T05:43:19+00:00","og_image":[{"url":"https:\/\/myclass.mc\/wp-content\/uploads\/2021\/01\/create-profil-graphy@2x.png","type":"","width":"","height":""}],"twitter_card":"summary_large_image","twitter_misc":{"Est. reading time":"1 minute"},"schema":{"@context":"https:\/\/schema.org","@graph":[{"@type":"WebPage","@id":"https:\/\/myclass.mc\/register_confirmation\/","url":"https:\/\/myclass.mc\/register_confirmation\/","name":"Register_confirmation - MyClass","isPartOf":{"@id":"https:\/\/myclass.mc\/#website"},"primaryImageOfPage":{"@id":"https:\/\/myclass.mc\/register_confirmation\/#primaryimage"},"image":{"@id":"https:\/\/myclass.mc\/register_confirmation\/#primaryimage"},"thumbnailUrl":"https:\/\/myclass.mc\/wp-content\/uploads\/2021\/01\/create-profil-graphy@2x.png","datePublished":"2021-07-07T02:21:58+00:00","dateModified":"2021-07-07T05:43:19+00:00","breadcrumb":{"@id":"https:\/\/myclass.mc\/register_confirmation\/#breadcrumb"},"inLanguage":"en-US","potentialAction":[{"@type":"ReadAction","target":["https:\/\/myclass.mc\/register_confirmation\/"]}]},{"@type":"ImageObject","inLanguage":"en-US","@id":"https:\/\/myclass.mc\/register_confirmation\/#primaryimage","url":"https:\/\/myclass.mc\/wp-content\/uploads\/2021\/01\/create-profil-graphy@2x.png","contentUrl":"https:\/\/myclass.mc\/wp-content\/uploads\/2021\/01\/create-profil-graphy@2x.png"},{"@type":"BreadcrumbList","@id":"https:\/\/myclass.mc\/register_confirmation\/#breadcrumb","itemListElement":[{"@type":"ListItem","position":1,"name":"Accueil","item":"https:\/\/myclass.mc\/"},{"@type":"ListItem","position":2,"name":"Register_confirmation"}]},{"@type":"WebSite","@id":"https:\/\/myclass.mc\/#website","url":"https:\/\/myclass.mc\/","name":"MyClass","description":"Apprendre en s&#039;amusant !","publisher":{"@id":"https:\/\/myclass.mc\/#organization"},"potentialAction":[{"@type":"SearchAction","target":{"@type":"EntryPoint","urlTemplate":"https:\/\/myclass.mc\/?s={search_term_string}"},"query-input":{"@type":"PropertyValueSpecification","valueRequired":true,"valueName":"search_term_string"}}],"inLanguage":"en-US"},{"@type":"Organization","@id":"https:\/\/myclass.mc\/#organization","name":"MyClass","url":"https:\/\/myclass.mc\/","logo":{"@type":"ImageObject","inLanguage":"en-US","@id":"https:\/\/myclass.mc\/#\/schema\/logo\/image\/","url":"https:\/\/myclass.mc\/wp-content\/uploads\/2021\/01\/00HeaderLogo.png","contentUrl":"https:\/\/myclass.mc\/wp-content\/uploads\/2021\/01\/00HeaderLogo.png","width":134,"height":63,"caption":"MyClass"},"image":{"@id":"https:\/\/myclass.mc\/#\/schema\/logo\/image\/"}}]}},"_links":{"self":[{"href":"https:\/\/myclass.mc\/en\/wp-json\/wp\/v2\/pages\/6549","targetHints":{"allow":["GET"]}}],"collection":[{"href":"https:\/\/myclass.mc\/en\/wp-json\/wp\/v2\/pages"}],"about":[{"href":"https:\/\/myclass.mc\/en\/wp-json\/wp\/v2\/types\/page"}],"author":[{"embeddable":true,"href":"https:\/\/myclass.mc\/en\/wp-json\/wp\/v2\/users\/1"}],"replies":[{"embeddable":true,"href":"https:\/\/myclass.mc\/en\/wp-json\/wp\/v2\/comments?post=6549"}],"version-history":[{"count":0,"href":"https:\/\/myclass.mc\/en\/wp-json\/wp\/v2\/pages\/6549\/revisions"}],"wp:attachment":[{"href":"https:\/\/myclass.mc\/en\/wp-json\/wp\/v2\/media?parent=6549"}],"curies":[{"name":"wp","href":"https:\/\/api.w.org\/{rel}","templated":true}]}}