{"id":362,"date":"2021-01-15T19:19:11","date_gmt":"2021-01-15T19:19:11","guid":{"rendered":"http:\/\/javierh.sgedu.site\/password-reset\/"},"modified":"2026-04-30T14:11:13","modified_gmt":"2026-04-30T14:11:13","slug":"password-reset","status":"publish","type":"page","link":"https:\/\/myclass.mc\/en\/password-reset\/","title":{"rendered":"Password Reset"},"content":{"rendered":"<div data-elementor-type=\"wp-page\" data-elementor-id=\"362\" class=\"elementor elementor-362\">\n\t\t\t\t\t\t<section class=\"elementor-section elementor-top-section elementor-element elementor-element-16dc9ad elementor-section-boxed elementor-section-height-default elementor-section-height-default\" data-id=\"16dc9ad\" data-element_type=\"section\" data-e-type=\"section\" data-settings=\"{&quot;background_background&quot;:&quot;classic&quot;}\">\n\t\t\t\t\t\t<div class=\"elementor-container elementor-column-gap-default\">\n\t\t\t\t\t<div class=\"elementor-column elementor-col-100 elementor-top-column elementor-element elementor-element-ff9d3c0\" data-id=\"ff9d3c0\" data-element_type=\"column\" data-e-type=\"column\">\n\t\t\t<div class=\"elementor-widget-wrap elementor-element-populated\">\n\t\t\t\t\t\t<div class=\"elementor-element elementor-element-283cd5b elementor-widget elementor-widget-html\" data-id=\"283cd5b\" data-element_type=\"widget\" data-e-type=\"widget\" data-widget_type=\"html.default\">\n\t\t\t\t<div class=\"elementor-widget-container\">\n\t\t\t\t\t<div class=\"container\">\n<div class=\"mc-form mb-5\">\n<div class=\"mc-header mt-5 p-5\" style=\"text-align: center;\">\n<h2 class=\"\">Mot de passe oubli\u00e9 ?<\/h2>\n<\/div>\n<div class=\"mc-body\">\n<p>\u00a0<\/p>\n<p style=\"text-align: center;\"><div class=\"um um-password um-um_password_id\">\n\t<div class=\"um-form\">\n\t\t<form method=\"post\" action=\"\" data-trp-original-action=\"\">\n\t\t\t\n\t\t\t\t<input type=\"hidden\" name=\"_um_password_reset\" id=\"_um_password_reset\" value=\"1\" \/>\n\n\t\t\t\t\t\t\t\t\t<div class=\"um-field um-field-block um-field-type_block\">\n\t\t\t\t\t\t<div class=\"um-field-block\">\n\t\t\t\t\t\t\t<div style=\"text-align:center;\">\n\t\t\t\t\t\t\t\tTo reset your password, please enter your email address or username below.\t\t\t\t\t\t\t<\/div>\n\t\t\t\t\t\t<\/div>\n\t\t\t\t\t<\/div>\n\t\t\t\t\t<div  id=\"um_field_0_username_b\" class=\"um-field um-field-text  um-field-username_b um-field-text um-field-type_text\" data-key=\"username_b\"><div class=\"um-field-area\"><input  autocomplete=\"off\" class=\"um-form-field valid\" type=\"text\" name=\"username_b\" id=\"username_b\" value=\"\" placeholder=\"Enter your username or email\" data-validate=\"\" data-key=\"username_b\"  aria-invalid=\"false\" \/>\n\n\t\t\t\t\t\t<\/div><\/div>\t\t\t\t<div class=\"um-col-alt um-col-alt-b\">\n\t\t\t\t\t<div class=\"um-center\">\n\t\t\t\t\t\t<input type=\"submit\" value=\"Reset password\" class=\"um-button\" id=\"um-submit-btn\" \/>\n\t\t\t\t\t<\/div>\n\t\t\t\t\t<div class=\"um-clear\"><\/div>\n\t\t\t\t<\/div>\n\t\t\t\t\t<input type=\"hidden\" name=\"form_id\" id=\"form_id_um_password_id\" value=\"um_password_id\" \/>\n\t\t<p class=\"um_request_name\">\n\t\t<label for=\"um_request_um_password_id\">Only fill in if you are not human<\/label>\n\t\t<input type=\"hidden\" name=\"um_request\" id=\"um_request_um_password_id\" class=\"input\" value=\"\" size=\"25\" autocomplete=\"off\" \/>\n\t<\/p>\n\t\t\t<input type=\"hidden\" name=\"trp-form-language\" value=\"en\"\/><\/form>\n\t<\/div>\n<\/div>\n<style>\n\t\t\t.um-um_password_id.um {\n\t\t\tmax-width: 450px;\n\t\t}\n\t\t<\/style>\n<br \/><br \/><\/p>\n\n<div class=\"text-muted p-4\">Votre adresse e-mail est trait\u00e9e par MyClass, en tant que responsable du traitement, \u00e0 des fins de r\u00e9initialisation de votre mot de passe. Pour en savoir plus sur le traitement de vos donn\u00e9es et sur vos droits vous pouvez consulter notre <a href=\"\/privacy-policy\/\">Politique de confidentialit\u00e9<\/a>.<\/div>\n\n<\/div>\n<\/div>\n<\/div>\t\t\t\t<\/div>\n\t\t\t\t<\/div>\n\t\t\t\t\t<\/div>\n\t\t<\/div>\n\t\t\t\t\t<\/div>\n\t\t<\/section>\n\t\t\t\t<\/div>","protected":false},"excerpt":{"rendered":"<p>Mot de passe oubli\u00e9 ? \u00a0 Votre adresse e-mail est trait\u00e9e par MyClass, en tant que responsable du traitement, \u00e0 des fins de r\u00e9initialisation de votre mot de passe. Pour en savoir plus sur le traitement de vos donn\u00e9es et sur vos droits vous pouvez consulter notre Politique de confidentialit\u00e9.<\/p>","protected":false},"author":1,"featured_media":0,"parent":0,"menu_order":0,"comment_status":"closed","ping_status":"closed","template":"elementor_header_footer","meta":{"_kadence_starter_templates_imported_post":false,"_kad_post_transparent":"","_kad_post_title":"","_kad_post_layout":"","_kad_post_sidebar_id":"","_kad_post_content_style":"","_kad_post_vertical_padding":"","_kad_post_feature":"","_kad_post_feature_position":"","_kad_post_header":false,"_kad_post_footer":false,"footnotes":""},"class_list":["post-362","page","type-page","status-publish","hentry"],"yoast_head":"<!-- This site is optimized with the Yoast SEO plugin v27.5 - https:\/\/yoast.com\/product\/yoast-seo-wordpress\/ -->\n<title>Password Reset - MyClass<\/title>\n<meta name=\"robots\" content=\"index, follow, max-snippet:-1, max-image-preview:large, max-video-preview:-1\" \/>\n<link rel=\"canonical\" href=\"https:\/\/myclass.mc\/en\/password-reset\/\" \/>\n<meta property=\"og:locale\" content=\"en_US\" \/>\n<meta property=\"og:type\" content=\"article\" \/>\n<meta property=\"og:title\" content=\"Password Reset - MyClass\" \/>\n<meta property=\"og:description\" content=\"Mot de passe oubli\u00e9 ? \u00a0 Votre adresse e-mail est trait\u00e9e par MyClass, en tant que responsable du traitement, \u00e0 des fins de r\u00e9initialisation de votre mot de passe. Pour en savoir plus sur le traitement de vos donn\u00e9es et sur vos droits vous pouvez consulter notre Politique de confidentialit\u00e9.\" \/>\n<meta property=\"og:url\" content=\"https:\/\/myclass.mc\/en\/password-reset\/\" \/>\n<meta property=\"og:site_name\" content=\"MyClass\" \/>\n<meta property=\"article:modified_time\" content=\"2026-04-30T14:11:13+00:00\" \/>\n<meta name=\"twitter:card\" content=\"summary_large_image\" \/>\n<meta name=\"twitter:label1\" content=\"Est. reading time\" \/>\n\t<meta name=\"twitter:data1\" content=\"1 minute\" \/>\n<script type=\"application\/ld+json\" class=\"yoast-schema-graph\">{\"@context\":\"https:\\\/\\\/schema.org\",\"@graph\":[{\"@type\":\"WebPage\",\"@id\":\"https:\\\/\\\/myclass.mc\\\/password-reset\\\/\",\"url\":\"https:\\\/\\\/myclass.mc\\\/password-reset\\\/\",\"name\":\"Password Reset - MyClass\",\"isPartOf\":{\"@id\":\"https:\\\/\\\/myclass.mc\\\/#website\"},\"datePublished\":\"2021-01-15T19:19:11+00:00\",\"dateModified\":\"2026-04-30T14:11:13+00:00\",\"breadcrumb\":{\"@id\":\"https:\\\/\\\/myclass.mc\\\/password-reset\\\/#breadcrumb\"},\"inLanguage\":\"en-US\",\"potentialAction\":[{\"@type\":\"ReadAction\",\"target\":[\"https:\\\/\\\/myclass.mc\\\/password-reset\\\/\"]}]},{\"@type\":\"BreadcrumbList\",\"@id\":\"https:\\\/\\\/myclass.mc\\\/password-reset\\\/#breadcrumb\",\"itemListElement\":[{\"@type\":\"ListItem\",\"position\":1,\"name\":\"Accueil\",\"item\":\"https:\\\/\\\/myclass.mc\\\/\"},{\"@type\":\"ListItem\",\"position\":2,\"name\":\"Password Reset\"}]},{\"@type\":\"WebSite\",\"@id\":\"https:\\\/\\\/myclass.mc\\\/#website\",\"url\":\"https:\\\/\\\/myclass.mc\\\/\",\"name\":\"MyClass\",\"description\":\"Apprendre en s&#039;amusant !\",\"publisher\":{\"@id\":\"https:\\\/\\\/myclass.mc\\\/#organization\"},\"potentialAction\":[{\"@type\":\"SearchAction\",\"target\":{\"@type\":\"EntryPoint\",\"urlTemplate\":\"https:\\\/\\\/myclass.mc\\\/?s={search_term_string}\"},\"query-input\":{\"@type\":\"PropertyValueSpecification\",\"valueRequired\":true,\"valueName\":\"search_term_string\"}}],\"inLanguage\":\"en-US\"},{\"@type\":\"Organization\",\"@id\":\"https:\\\/\\\/myclass.mc\\\/#organization\",\"name\":\"MyClass\",\"url\":\"https:\\\/\\\/myclass.mc\\\/\",\"logo\":{\"@type\":\"ImageObject\",\"inLanguage\":\"en-US\",\"@id\":\"https:\\\/\\\/myclass.mc\\\/#\\\/schema\\\/logo\\\/image\\\/\",\"url\":\"https:\\\/\\\/myclass.mc\\\/wp-content\\\/uploads\\\/2021\\\/01\\\/00HeaderLogo.png\",\"contentUrl\":\"https:\\\/\\\/myclass.mc\\\/wp-content\\\/uploads\\\/2021\\\/01\\\/00HeaderLogo.png\",\"width\":134,\"height\":63,\"caption\":\"MyClass\"},\"image\":{\"@id\":\"https:\\\/\\\/myclass.mc\\\/#\\\/schema\\\/logo\\\/image\\\/\"}}]}<\/script>\n<!-- \/ Yoast SEO plugin. -->","yoast_head_json":{"title":"Password Reset - MyClass","robots":{"index":"index","follow":"follow","max-snippet":"max-snippet:-1","max-image-preview":"max-image-preview:large","max-video-preview":"max-video-preview:-1"},"canonical":"https:\/\/myclass.mc\/en\/password-reset\/","og_locale":"en_US","og_type":"article","og_title":"Password Reset - MyClass","og_description":"Mot de passe oubli\u00e9 ? \u00a0 Votre adresse e-mail est trait\u00e9e par MyClass, en tant que responsable du traitement, \u00e0 des fins de r\u00e9initialisation de votre mot de passe. Pour en savoir plus sur le traitement de vos donn\u00e9es et sur vos droits vous pouvez consulter notre Politique de confidentialit\u00e9.","og_url":"https:\/\/myclass.mc\/en\/password-reset\/","og_site_name":"MyClass","article_modified_time":"2026-04-30T14:11:13+00:00","twitter_card":"summary_large_image","twitter_misc":{"Est. reading time":"1 minute"},"schema":{"@context":"https:\/\/schema.org","@graph":[{"@type":"WebPage","@id":"https:\/\/myclass.mc\/password-reset\/","url":"https:\/\/myclass.mc\/password-reset\/","name":"Password Reset - MyClass","isPartOf":{"@id":"https:\/\/myclass.mc\/#website"},"datePublished":"2021-01-15T19:19:11+00:00","dateModified":"2026-04-30T14:11:13+00:00","breadcrumb":{"@id":"https:\/\/myclass.mc\/password-reset\/#breadcrumb"},"inLanguage":"en-US","potentialAction":[{"@type":"ReadAction","target":["https:\/\/myclass.mc\/password-reset\/"]}]},{"@type":"BreadcrumbList","@id":"https:\/\/myclass.mc\/password-reset\/#breadcrumb","itemListElement":[{"@type":"ListItem","position":1,"name":"Accueil","item":"https:\/\/myclass.mc\/"},{"@type":"ListItem","position":2,"name":"Password Reset"}]},{"@type":"WebSite","@id":"https:\/\/myclass.mc\/#website","url":"https:\/\/myclass.mc\/","name":"MyClass","description":"Apprendre en s&#039;amusant !","publisher":{"@id":"https:\/\/myclass.mc\/#organization"},"potentialAction":[{"@type":"SearchAction","target":{"@type":"EntryPoint","urlTemplate":"https:\/\/myclass.mc\/?s={search_term_string}"},"query-input":{"@type":"PropertyValueSpecification","valueRequired":true,"valueName":"search_term_string"}}],"inLanguage":"en-US"},{"@type":"Organization","@id":"https:\/\/myclass.mc\/#organization","name":"MyClass","url":"https:\/\/myclass.mc\/","logo":{"@type":"ImageObject","inLanguage":"en-US","@id":"https:\/\/myclass.mc\/#\/schema\/logo\/image\/","url":"https:\/\/myclass.mc\/wp-content\/uploads\/2021\/01\/00HeaderLogo.png","contentUrl":"https:\/\/myclass.mc\/wp-content\/uploads\/2021\/01\/00HeaderLogo.png","width":134,"height":63,"caption":"MyClass"},"image":{"@id":"https:\/\/myclass.mc\/#\/schema\/logo\/image\/"}}]}},"_links":{"self":[{"href":"https:\/\/myclass.mc\/en\/wp-json\/wp\/v2\/pages\/362","targetHints":{"allow":["GET"]}}],"collection":[{"href":"https:\/\/myclass.mc\/en\/wp-json\/wp\/v2\/pages"}],"about":[{"href":"https:\/\/myclass.mc\/en\/wp-json\/wp\/v2\/types\/page"}],"author":[{"embeddable":true,"href":"https:\/\/myclass.mc\/en\/wp-json\/wp\/v2\/users\/1"}],"replies":[{"embeddable":true,"href":"https:\/\/myclass.mc\/en\/wp-json\/wp\/v2\/comments?post=362"}],"version-history":[{"count":0,"href":"https:\/\/myclass.mc\/en\/wp-json\/wp\/v2\/pages\/362\/revisions"}],"wp:attachment":[{"href":"https:\/\/myclass.mc\/en\/wp-json\/wp\/v2\/media?parent=362"}],"curies":[{"name":"wp","href":"https:\/\/api.w.org\/{rel}","templated":true}]}}