{"id":2644,"date":"2021-03-11T11:49:39","date_gmt":"2021-03-11T11:49:39","guid":{"rendered":"https:\/\/myclass.mc\/?page_id=2644"},"modified":"2026-01-12T15:52:30","modified_gmt":"2026-01-12T15:52:30","slug":"privacy-policy","status":"publish","type":"page","link":"https:\/\/myclass.mc\/en\/privacy-policy\/","title":{"rendered":"Politique de confidentialit\u00e9"},"content":{"rendered":"<div data-elementor-type=\"wp-page\" data-elementor-id=\"2644\" class=\"elementor elementor-2644\">\n\t\t\t\t\t\t<section class=\"elementor-section elementor-top-section elementor-element elementor-element-40b04d9b elementor-section-boxed elementor-section-height-default elementor-section-height-default\" data-id=\"40b04d9b\" data-element_type=\"section\" data-e-type=\"section\">\n\t\t\t\t\t\t<div class=\"elementor-container elementor-column-gap-default\">\n\t\t\t\t\t<div class=\"elementor-column elementor-col-100 elementor-top-column elementor-element elementor-element-59da3b11\" data-id=\"59da3b11\" data-element_type=\"column\" data-e-type=\"column\">\n\t\t\t<div class=\"elementor-widget-wrap elementor-element-populated\">\n\t\t\t\t\t\t<div class=\"elementor-element elementor-element-20af8560 elementor-widget elementor-widget-text-editor\" data-id=\"20af8560\" data-element_type=\"widget\" data-e-type=\"widget\" data-widget_type=\"text-editor.default\">\n\t\t\t\t<div class=\"elementor-widget-container\">\n\t\t\t\t\t\t\t\t\t<h3>\u00a0<\/h3>\n<h3><strong>POLITIQUE DE CONFIDENTIALIT\u00c9 DE MYCLASS MONACO<\/strong><\/h3>\n<p>\u00a0<\/p>\n<h3><strong><u>1. QUEL EST L\u2019OBJET DE CETTE POLITIQUE ?<\/u><\/strong><\/h3>\n<p>Cette politique a pour but de vous informer sur les cat\u00e9gories de donn\u00e9es \u00e0 caract\u00e8re personnel que nous pourrions recueillir ou d\u00e9tenir sur vous, comment nous les utilisons et pourquoi, avec qui nous les partageons, comment nous les prot\u00e9geons, pendant combien de temps nous les conservons et les droits dont vous disposez sur vos donn\u00e9es \u00e0 caract\u00e8re personnel.<br \/>Elle compl\u00e8te l\u2019information port\u00e9e \u00e0 votre connaissance lors de la collecte de vos donn\u00e9es (exemple : lors de la cr\u00e9ation de votre compte client, lors d\u2019une commande sur notre Plateforme ou lors devotre demande de contact via notre formulaire en ligne).<\/p>\n<p>\u00a0<\/p>\n<h3><strong><u>2. QUEL EST LE SENS DES TERMES QUI Y FIGURENT ?<\/u><\/strong><\/h3>\n<p><strong>Pour l\u2019interpr\u00e9tation des notions li\u00e9es \u00e0 la protection des donn\u00e9es \u00e0 caract\u00e8re personnel et figurant dans le pr\u00e9sent article, il convient de se reporter aux d\u00e9finitions de l\u2019article 4 du R\u00e8glement (UE) 2016\/679 du 27 avril 2016 (R\u00e8glement G\u00e9n\u00e9ral sur la Protection des Donn\u00e9es ou \u00ab RGPD \u00bb).<\/strong><\/p>\n<p>\u00a0<\/p>\n<h3><strong><u>3. QUI EST LE RESPONSABLE DU TRAITEMENT ?<\/u><\/strong><\/h3>\n<p>Lors de votre navigation sur la Plateforme et dans le cadre de l\u2019utilisation des services qui y sont propos\u00e9s MyClass Monaco, en tant que responsable du traitement, traite vos donn\u00e9es \u00e0 caract\u00e8re personnel conform\u00e9ment au R\u00e8glement (EU) 2016\/679 du 27 avril 2016 (R\u00e8glement G\u00e9n\u00e9ral sur la Protection des Donn\u00e9es ou \u00ab RGPD \u00bb) et la loi n\u00b01.165 du 23\/12\/1993 relative \u00e0 la protection des informations nominatives et le cas \u00e9ch\u00e9ant, \u00e0 toute loi locale sur la protection des donn\u00e9es personnelles susceptible d\u2019\u00eatre applicable (ci-apr\u00e8s ensemble \u00ab R\u00e9glementation Applicable \u00bb).<\/p>\n<p>\u00a0<\/p>\n<h3><strong><u>4. COMMENT UTILISONS-NOUS VOS DONNEES ?<\/u><\/strong><\/h3>\n<div>Myclass traite vos donn\u00e9es \u00e0 caract\u00e8re personnel pour les finalit\u00e9s suivantes :<\/div>\n<div>\u00a0<\/div>\n<table class=\"my-policy-table\">\n<tbody>\n<tr>\n<th>Finalit\u00e9 du traitement<\/th>\n<th>Donn\u00e9e \u00e0 caract\u00e8re personnel<\/th>\n<\/tr>\n<tr>\n<td>Gestion de la s\u00e9curit\u00e9 et du bon fonctionnement de la Plateforme<\/td>\n<td>Poursuite d\u2019int\u00e9r\u00eats l\u00e9gitimes qui s\u2019exercent dans le respect des droits de l\u2019utilisateur de la Plateforme [article 6-1(f) du RGPD]<\/td>\n<\/tr>\n<tr>\n<td>Gestion des renouvellements de mot de passe (<a href=\"\/password-reset\/\">formulaire \u00ab mot de passe oubli\u00e9 ? \u00bb<\/a>)<\/td>\n<td>Poursuite d\u2019int\u00e9r\u00eats l\u00e9gitimes qui s\u2019exercent dans le respect des droits de l\u2019utilisateur de la Plateforme [article 6-1(f) du RGPD]<\/td>\n<\/tr>\n<tr>\n<td>Gestion des cr\u00e9ations de profil (<a href=\"\/register\">formulaire \u00ab cr\u00e9er votre profil \u00bb<\/a>)<\/td>\n<td>Ex\u00e9cution de mesures pr\u00e9contractuelles prises \u00e0 la demande de la personne concern\u00e9e (CGVU) [Article 6-1(b)]<\/td>\n<\/tr>\n<tr>\n<td>Gestion de l\u2019Espace Personnel<\/td>\n<td>Ex\u00e9cution du contrat (CGVU) [Article 6-1(b) du RGPD]<\/td>\n<\/tr>\n<tr>\n<td>Gestion de la relation Client<\/td>\n<td>Ex\u00e9cution du contrat (CGVU) [Article 6-1(b) du RGPD]<\/td>\n<\/tr>\n<tr>\n<td>Gestion des demandes de contact (formulaire \u00ab <a href=\"\/contact\/\">contactez-nous<\/a> \u00bb )<\/td>\n<td>Poursuite d\u2019int\u00e9r\u00eats l\u00e9gitimes qui s\u2019exercent dans le respect des droits de l\u2019utilisateur de la Plateforme [article 6-1(f) du RGPD]<\/td>\n<\/tr>\n<tr>\n<td>Gestion du contentieux<\/td>\n<td>Poursuite d\u2019int\u00e9r\u00eats l\u00e9gitimes qui s\u2019exercent dans le respect des droits de l\u2019utilisateur de la Plateforme [article 6-1(f) du RGPD]<\/td>\n<\/tr>\n<tr>\n<td>Gestion des droits des personnes concern\u00e9es sur leurs donn\u00e9es<\/td>\n<td>Respect d\u2019une obligation l\u00e9gale [Article 6-1(c) RGPD]<\/td>\n<\/tr>\n<\/tbody>\n<\/table>\n<h3>\u00a0<\/h3>\n<h3><strong><u>5. QUELLES SONT LES CAT\u00c9GORIES DE DONN\u00c9ES \u00c0 CARACT\u00c8RE PERSONNEL COLLECT\u00c9ES ET TRAIT\u00c9ES ?<\/u><\/strong><\/h3>\n<p>MyClass Monaco respecte le principe de minimisation des donn\u00e9es \u00e0 caract\u00e8re personnel et traite exclusivement les donn\u00e9es \u00e0 caract\u00e8re personnel qui sont n\u00e9cessaires \u00e0 la r\u00e9alisation des finalit\u00e9s expos\u00e9es ci-dessus. <br \/>A ce titre, les donn\u00e9es \u00e0 caract\u00e8re personnel vous concernant trait\u00e9es sont :<\/p>\n<p>\u00a0<\/p>\n<table class=\"my-policy-table\">\n<tbody>\n<tr>\n<th>Finalit\u00e9 du traitement<\/th>\n<th>Donn\u00e9e \u00e0 caract\u00e8re personnel<\/th>\n<\/tr>\n<tr>\n<td>Gestion de la s\u00e9curit\u00e9 et du bon fonctionnement de la Plateforme<\/td>\n<td>Donn\u00e9es de connexion : adresse IP, date et heures de connexion, pays, langue, appareil<\/td>\n<\/tr>\n<tr>\n<td>Gestion des renouvellements de mot de passe (<a href=\"\/password-reset\/\">formulaire \u00ab mot de passe oubli\u00e9 ? \u00bb<\/a>)<\/td>\n<td>Adresse e-mail et nouveau mot de passe<\/td>\n<\/tr>\n<tr>\n<td>Gestion des cr\u00e9ations de profil (<a href=\"\/register\">formulaire \u00ab cr\u00e9er votre profil \u00bb<\/a>)<\/td>\n<td>Professeur\/Parent\/Autre ; pr\u00e9nom, nom, adresse email<\/td>\n<\/tr>\n<tr>\n<td>Gestion de l\u2019Espace Personnel<\/td>\n<td>Identifiant, mot de passe, date de derni\u00e8re connexion<\/td>\n<\/tr>\n<tr>\n<td>Gestion de la relation Client<\/td>\n<td>Pr\u00e9nom, nom, nom de l\u2019entreprise (facultatif), Pays\/r\u00e9gion, num\u00e9ro et nom de rue, ville, r\u00e9gion\/d\u00e9partement, code postal, t\u00e9l\u00e9phone, adresse email, message, informations sur les Contenus command\u00e9s (pour la facturation)<\/td>\n<\/tr>\n<tr>\n<td>Gestion des demandes de contact (formulaire \u00ab <a href=\"\/contact\/\">contactez-nous<\/a> \u00bb )<\/td>\n<td>Pr\u00e9nom, nom, adresse email, num\u00e9ro de t\u00e9l\u00e9phone, professeur\/parent\/\u00e9l\u00e8ve\/autre, message<\/td>\n<\/tr>\n<tr>\n<td>Gestion du contentieux<\/td>\n<td>Donn\u00e9es d\u2019identification, coordonn\u00e9es et toutes donn\u00e9es collect\u00e9es via la Plateforme strictement li\u00e9es au contentieux<\/td>\n<\/tr>\n<tr>\n<td>Gestion des droits des personnes concern\u00e9es sur leurs donn\u00e9es<\/td>\n<td>Nom, pr\u00e9nom, adresse mail, donn\u00e9es relatives \u00e0 la demande d\u2019exercice des droits et \u00e0 la r\u00e9ponse apport\u00e9e<\/td>\n<\/tr>\n<\/tbody>\n<\/table>\n<h3>\u00a0<\/h3>\n<h3><strong><u>6. QUELLE DUR\u00c9E DE CONSERVATION POUR VOS DONN\u00c9ES \u00c0 CARACT\u00c8RE PERSONNEL ?<\/u><\/strong><\/h3>\n<table class=\"my-policy-table\">\n<tbody>\n<tr>\n<th>Finalit\u00e9 du traitement<\/th>\n<th>Dur\u00e9e de conservation<\/th>\n<\/tr>\n<tr>\n<td>Gestion de la s\u00e9curit\u00e9 et du bon fonctionnement de la Plateforme<\/td>\n<td>Pendant six (6) mois<\/td>\n<\/tr>\n<tr>\n<td>Gestion des renouvellements de mot de passe (<a href=\"\/password-reset\/\">formulaire \u00ab mot de passe oubli\u00e9 ? \u00bb<\/a>)<\/td>\n<td>Pendant la dur\u00e9e d\u2019ouverture de l\u2019Espace Personnel<\/td>\n<\/tr>\n<tr>\n<td>Gestion des cr\u00e9ations de profil (<a href=\"\/register\">formulaire \u00ab cr\u00e9er votre profil \u00bb<\/a>)<\/td>\n<td>Pendant la dur\u00e9e n\u00e9cessaire \u00e0 la cr\u00e9ation du profil<\/td>\n<\/tr>\n<tr>\n<td>Gestion de l\u2019Espace Personnel<\/td>\n<td>Date de derni\u00e8re connexion conserv\u00e9e jusqu\u2019\u00e0 la connexion suivante sur une p\u00e9riode maximale de 12 mois \u00e0 compter de la derni\u00e8re connexion <br \/>Identifiant et mot de passe conserv\u00e9s sur une p\u00e9riode de 12 mois \u00e0 compter de la derni\u00e8re connexion<\/td>\n<\/tr>\n<tr>\n<td>Gestion de la relation client (compte client, commandes\u2026)<\/td>\n<td>Donn\u00e9es li\u00e9es \u00e0 l\u2019ex\u00e9cution des CGVU conserv\u00e9es pendant deux (2) ans \u00e0 compter de la derni\u00e8re commande <br \/>Donn\u00e9es li\u00e9es \u00e0 la facturation conserv\u00e9es pendant dix (10) ans \u00e0 compter de la commande<\/td>\n<\/tr>\n<tr>\n<td>Gestion des demandes de contact (formulaire \u00ab <a href=\"\/contact\/\">contactez-nous<\/a> \u00bb )<\/td>\n<td>Pendant douze (12) mois<\/td>\n<\/tr>\n<tr>\n<td>Gestion du contentieux<\/td>\n<td>Jusqu\u2019\u00e0 \u00e9puisement des voies de recours<\/td>\n<\/tr>\n<tr>\n<td>Gestion des droits des personnes concern\u00e9es sur leurs donn\u00e9es<\/td>\n<td>Pendant six (6) ans pour le droit d\u2019opposition <br \/>Pendant un (1) an pour les autres droits<\/td>\n<\/tr>\n<\/tbody>\n<\/table>\n<p><b>A l\u2019issue des dur\u00e9es de conservation, les donn\u00e9es \u00e0 caract\u00e8re personnel concern\u00e9es sont effac\u00e9es.<\/b><\/p>\n<p>\u00a0<\/p>\n<h3><strong><u>7. QUELS SONT LES DROITS DONT VOUS DISPOSEZ ? <\/u><\/strong><\/h3>\n<p>Vous disposez des droits suivants (dans les conditions pr\u00e9vues par la R\u00e8glementation Applicable) :<\/p>\n<ul>\n<li>Droit d&#8217;acc\u00e8s, de rectification et d&#8217;effacement de vos donn\u00e9es \u00e0 caract\u00e8re personnel ;<\/li>\n<li>Droit \u00e0 la limitation du traitement ;<\/li>\n<li>Droit \u00e0 la portabilit\u00e9 des donn\u00e9es \u00e0 caract\u00e8re personnel ;<\/li>\n<li>Droit d\u2019opposition au traitement ;<\/li>\n<li>Droit d&#8217;introduire une r\u00e9clamation aupr\u00e8s de l\u2019autorit\u00e9 de contr\u00f4le comp\u00e9tente.<\/li>\n<\/ul>\n<p>Les demandes concernant ces droits peuvent \u00eatre adress\u00e9es \u00e0 : <a href=\"mailto:info@myclassmonaco.mc\">info@myclassmonaco.mc<\/a><\/p>\n<p>Pour pouvoir donner suite \u00e0 votre demande d\u2019exercice d\u2019un des droits ci-dessus mentionn\u00e9s, il est n\u00e9cessaire que vous nous communiquiez :<\/p>\n<ul>\n<li>l&#8217;objet de la demande (droit concern\u00e9),<\/li>\n<li>et un justificatif de votre identit\u00e9 dans le cas ou votre e-mail ne nous permettrait pas de vous identifier (en noir et blanc).<\/li>\n<\/ul>\n<p>Vous pouvez \u00e9galement nous \u00e9crire selon les m\u00eames modalit\u00e9s \u00e0 l\u2019adresse suivante : MyClass Monaco 3-5, Avenue des Citronniers \u2013 Le Prince de Galle \u2013 98 000 \u2013 MONACO<\/p>\n<p>\u00a0<\/p>\n<h3><strong><u>8. COMMENT ASSURONS-NOUS LA SECURITE ET LA CONFIDENTIALITE DE VOS DONNEES ?<\/u><\/strong><\/h3>\n<p>MyClass Monaco met en \u0153uvre des mesures techniques et organisationnelles appropri\u00e9es pour s\u2019assurer que les traitements de donn\u00e9es \u00e0 caract\u00e8re personnel sont effectu\u00e9s conform\u00e9ment \u00e0 la R\u00e8glementation Applicable et garantir un niveau de s\u00e9curit\u00e9 adapt\u00e9 au risque.<\/p>\n<p>\u00a0<\/p>\n<h3><strong><u>9. QUELS SONT LES DESTINATAIRES DE VOS DONN\u00c9ES \u00c0 CARACT\u00c8RE PERSONNEL ?<\/u><\/strong><\/h3>\n<p>Vos donn\u00e9es \u00e0 caract\u00e8re personnel sont uniquement communiqu\u00e9es au personnel habilit\u00e9 de Myclass Monaco pour la r\u00e9alisation des finalit\u00e9s ci-dessus expos\u00e9es ainsi qu\u2019\u00e0 ses sous-traitants assurant l\u2019ex\u00e9cution de tout ou partie des traitements de donn\u00e9es n\u00e9cessaires au bon fonctionnement de la Plateforme et \u00e0 la fourniture des services qui y sont propos\u00e9s notamment dans le cadre de nos Conditions G\u00e9n\u00e9rales de Vente (CGVU).<\/p>\n<p><!-- \/wp:heading --><\/p>\n<p><!-- wp:paragraph --><!-- \/wp:paragraph --><\/p>\n<p><!-- wp:heading --><!-- \/wp:heading --><\/p>\t\t\t\t\t\t\t\t<\/div>\n\t\t\t\t<\/div>\n\t\t\t\t<div class=\"elementor-element elementor-element-eb4c26d elementor-widget elementor-widget-accordion\" data-id=\"eb4c26d\" data-element_type=\"widget\" data-e-type=\"widget\" data-widget_type=\"accordion.default\">\n\t\t\t\t<div class=\"elementor-widget-container\">\n\t\t\t\t\t\t\t<div class=\"elementor-accordion\">\n\t\t\t\t\t\t\t<div class=\"elementor-accordion-item\">\n\t\t\t\t\t<div id=\"elementor-tab-title-2461\" class=\"elementor-tab-title\" data-tab=\"1\" role=\"button\" aria-controls=\"elementor-tab-content-2461\" aria-expanded=\"false\">\n\t\t\t\t\t\t\t\t\t\t\t\t\t<span class=\"elementor-accordion-icon elementor-accordion-icon-left\" aria-hidden=\"true\">\n\t\t\t\t\t\t\t\t\t\t\t\t\t\t\t<span class=\"elementor-accordion-icon-closed\"><i class=\"fas fa-plus\"><\/i><\/span>\n\t\t\t\t\t\t\t\t<span class=\"elementor-accordion-icon-opened\"><i class=\"fas fa-minus\"><\/i><\/span>\n\t\t\t\t\t\t\t\t\t\t\t\t\t\t<\/span>\n\t\t\t\t\t\t\t\t\t\t\t\t<a class=\"elementor-accordion-title\" tabindex=\"0\">Liste des sous-traitants<\/a>\n\t\t\t\t\t<\/div>\n\t\t\t\t\t<div id=\"elementor-tab-content-2461\" class=\"elementor-tab-content elementor-clearfix\" data-tab=\"1\" role=\"region\" aria-labelledby=\"elementor-tab-title-2461\"><ul>\n<li><span style=\"text-decoration: underline;\">SI7V<\/span> (France): infog\u00e9rance (soci\u00e9t\u00e9 en charge de l&#8217;infog\u00e9rance de l&#8217;infrastructure o\u00f9 est d\u00e9ploy\u00e9e le\u00a0site\u00a0MyClass.mc)<\/li>\n<li><span style=\"text-decoration: underline;\">OPTIZBOX<\/span> (M. Vincent Guignard\u00a0 &#8211; France) : Maintenance et d\u00e9veloppement de l\u2019Application (soci\u00e9t\u00e9 en charge de l&#8217;administration et du d\u00e9veloppement du\u00a0site\u00a0MyClass.mc)<\/li>\n<li><span style=\"text-decoration: underline;\">SCALEWAY<\/span>( France) : H\u00e9bergement du site internet (soci\u00e9t\u00e9 d\u00e9tentrice de l&#8217;infrastructure o\u00f9 est d\u00e9ploy\u00e9e le\u00a0site\u00a0MyClass.mc)<\/li>\n<li><span style=\"text-decoration: underline;\">BREVO<\/span> (France) : CRM<\/li>\n<li>Le nom de domaine &#8220;myclass.mc&#8221; d\u00e9pend des services de <span style=\"text-decoration: underline;\">Monaco Telecom<\/span><\/li>\n<\/ul><\/div>\n\t\t\t\t<\/div>\n\t\t\t\t\t\t\t\t<\/div>\n\t\t\t\t\t\t<\/div>\n\t\t\t\t<\/div>\n\t\t\t\t<div class=\"elementor-element elementor-element-d8a30ba elementor-widget elementor-widget-text-editor\" data-id=\"d8a30ba\" data-element_type=\"widget\" data-e-type=\"widget\" data-widget_type=\"text-editor.default\">\n\t\t\t\t<div class=\"elementor-widget-container\">\n\t\t\t\t\t\t\t\t\t<h3><strong><u>10. Y-A-T-IL DES TRANSFERTS DE DONN\u00c9ES HORS DE l\u2019UE ?<\/u><\/strong><\/h3>\n<p>Vos donn\u00e9es \u00e0 caract\u00e8re personnel ne font pas l\u2019objet d\u2019un transfert hors de l\u2019Union europ\u00e9enne.<br \/>Sachez toutefois qu\u2019elles sont directement collect\u00e9es par une soci\u00e9t\u00e9 situ\u00e9e dans un pays tiers : Monaco.<\/p>\n<p>\u00a0<\/p>\n<h3><strong><u>11. UTILISONS-NOUS DES COOKIES ?<\/u><\/strong><\/h3>\n<p>Toutes les informations relatives aux cookies et leur param\u00e9trage sont disponibles en pied de page (footer) sur toutes les pages de notre Plateforme dans le document \u00ab Politique de cookies \u00bb.<\/p>\n<p>\u00a0<\/p>\n<h3><strong><u>12. MISE \u00c0 JOUR DE LA POLITIQUE DE PROTECTION DES DONN\u00c9ES<\/u><\/strong><\/h3>\n<p>Nous nous r\u00e9servons le droit de proc\u00e9der \u00e0 tout moment et sans pr\u00e9avis \u00e0 toute modification du pr\u00e9sent document. Merci de consulter cette page de temps \u00e0 autre pour y prendre connaissance de toutes nouvelles informations qui pourraient y \u00eatre modifi\u00e9es ou ajout\u00e9es.<\/p>\n<p>\u00a0<\/p>\n<p><!-- \/wp:heading --><\/p>\n<p><!-- wp:paragraph --><!-- \/wp:paragraph --><\/p>\n<p><!-- wp:heading --><!-- \/wp:heading --><\/p>\t\t\t\t\t\t\t\t<\/div>\n\t\t\t\t<\/div>\n\t\t\t\t\t<\/div>\n\t\t<\/div>\n\t\t\t\t\t<\/div>\n\t\t<\/section>\n\t\t\t\t<\/div>","protected":false},"excerpt":{"rendered":"<p>\u00a0 POLITIQUE DE CONFIDENTIALIT\u00c9 DE MYCLASS MONACO \u00a0 1. QUEL EST L\u2019OBJET DE CETTE POLITIQUE ? Cette politique a pour but de vous informer sur les cat\u00e9gories de donn\u00e9es \u00e0 caract\u00e8re personnel que nous pourrions recueillir ou d\u00e9tenir sur vous, comment nous les utilisons et pourquoi, avec qui nous les partageons, comment nous les prot\u00e9geons,&#8230;<\/p>","protected":false},"author":1,"featured_media":0,"parent":0,"menu_order":0,"comment_status":"closed","ping_status":"closed","template":"elementor_header_footer","meta":{"_kadence_starter_templates_imported_post":false,"_kad_post_transparent":"","_kad_post_title":"","_kad_post_layout":"","_kad_post_sidebar_id":"","_kad_post_content_style":"","_kad_post_vertical_padding":"","_kad_post_feature":"","_kad_post_feature_position":"","_kad_post_header":false,"_kad_post_footer":false,"footnotes":""},"class_list":["post-2644","page","type-page","status-publish","hentry"],"yoast_head":"<!-- This site is optimized with the Yoast SEO plugin v27.5 - https:\/\/yoast.com\/product\/yoast-seo-wordpress\/ -->\n<title>Politique de confidentialit\u00e9 - MyClass<\/title>\n<meta name=\"robots\" content=\"index, follow, max-snippet:-1, max-image-preview:large, max-video-preview:-1\" \/>\n<link rel=\"canonical\" href=\"https:\/\/myclass.mc\/en\/privacy-policy\/\" \/>\n<meta property=\"og:locale\" content=\"en_US\" \/>\n<meta property=\"og:type\" content=\"article\" \/>\n<meta property=\"og:title\" content=\"Politique de confidentialit\u00e9 - MyClass\" \/>\n<meta property=\"og:description\" content=\"\u00a0 POLITIQUE DE CONFIDENTIALIT\u00c9 DE MYCLASS MONACO \u00a0 1. QUEL EST L\u2019OBJET DE CETTE POLITIQUE ? Cette politique a pour but de vous informer sur les cat\u00e9gories de donn\u00e9es \u00e0 caract\u00e8re personnel que nous pourrions recueillir ou d\u00e9tenir sur vous, comment nous les utilisons et pourquoi, avec qui nous les partageons, comment nous les prot\u00e9geons,...\" \/>\n<meta property=\"og:url\" content=\"https:\/\/myclass.mc\/en\/privacy-policy\/\" \/>\n<meta property=\"og:site_name\" content=\"MyClass\" \/>\n<meta property=\"article:modified_time\" content=\"2026-01-12T15:52:30+00:00\" \/>\n<meta name=\"twitter:card\" content=\"summary_large_image\" \/>\n<meta name=\"twitter:label1\" content=\"Est. reading time\" \/>\n\t<meta name=\"twitter:data1\" content=\"7 minutes\" \/>\n<script type=\"application\/ld+json\" class=\"yoast-schema-graph\">{\"@context\":\"https:\\\/\\\/schema.org\",\"@graph\":[{\"@type\":\"WebPage\",\"@id\":\"https:\\\/\\\/myclass.mc\\\/privacy-policy\\\/\",\"url\":\"https:\\\/\\\/myclass.mc\\\/privacy-policy\\\/\",\"name\":\"Politique de confidentialit\u00e9 - MyClass\",\"isPartOf\":{\"@id\":\"https:\\\/\\\/myclass.mc\\\/#website\"},\"datePublished\":\"2021-03-11T11:49:39+00:00\",\"dateModified\":\"2026-01-12T15:52:30+00:00\",\"breadcrumb\":{\"@id\":\"https:\\\/\\\/myclass.mc\\\/privacy-policy\\\/#breadcrumb\"},\"inLanguage\":\"en-US\",\"potentialAction\":[{\"@type\":\"ReadAction\",\"target\":[\"https:\\\/\\\/myclass.mc\\\/privacy-policy\\\/\"]}]},{\"@type\":\"BreadcrumbList\",\"@id\":\"https:\\\/\\\/myclass.mc\\\/privacy-policy\\\/#breadcrumb\",\"itemListElement\":[{\"@type\":\"ListItem\",\"position\":1,\"name\":\"Accueil\",\"item\":\"https:\\\/\\\/myclass.mc\\\/\"},{\"@type\":\"ListItem\",\"position\":2,\"name\":\"Politique de confidentialit\u00e9\"}]},{\"@type\":\"WebSite\",\"@id\":\"https:\\\/\\\/myclass.mc\\\/#website\",\"url\":\"https:\\\/\\\/myclass.mc\\\/\",\"name\":\"MyClass\",\"description\":\"Apprendre en s&#039;amusant !\",\"publisher\":{\"@id\":\"https:\\\/\\\/myclass.mc\\\/#organization\"},\"potentialAction\":[{\"@type\":\"SearchAction\",\"target\":{\"@type\":\"EntryPoint\",\"urlTemplate\":\"https:\\\/\\\/myclass.mc\\\/?s={search_term_string}\"},\"query-input\":{\"@type\":\"PropertyValueSpecification\",\"valueRequired\":true,\"valueName\":\"search_term_string\"}}],\"inLanguage\":\"en-US\"},{\"@type\":\"Organization\",\"@id\":\"https:\\\/\\\/myclass.mc\\\/#organization\",\"name\":\"MyClass\",\"url\":\"https:\\\/\\\/myclass.mc\\\/\",\"logo\":{\"@type\":\"ImageObject\",\"inLanguage\":\"en-US\",\"@id\":\"https:\\\/\\\/myclass.mc\\\/#\\\/schema\\\/logo\\\/image\\\/\",\"url\":\"https:\\\/\\\/myclass.mc\\\/wp-content\\\/uploads\\\/2021\\\/01\\\/00HeaderLogo.png\",\"contentUrl\":\"https:\\\/\\\/myclass.mc\\\/wp-content\\\/uploads\\\/2021\\\/01\\\/00HeaderLogo.png\",\"width\":134,\"height\":63,\"caption\":\"MyClass\"},\"image\":{\"@id\":\"https:\\\/\\\/myclass.mc\\\/#\\\/schema\\\/logo\\\/image\\\/\"}}]}<\/script>\n<!-- \/ Yoast SEO plugin. -->","yoast_head_json":{"title":"Politique de confidentialit\u00e9 - MyClass","robots":{"index":"index","follow":"follow","max-snippet":"max-snippet:-1","max-image-preview":"max-image-preview:large","max-video-preview":"max-video-preview:-1"},"canonical":"https:\/\/myclass.mc\/en\/privacy-policy\/","og_locale":"en_US","og_type":"article","og_title":"Politique de confidentialit\u00e9 - MyClass","og_description":"\u00a0 POLITIQUE DE CONFIDENTIALIT\u00c9 DE MYCLASS MONACO \u00a0 1. QUEL EST L\u2019OBJET DE CETTE POLITIQUE ? Cette politique a pour but de vous informer sur les cat\u00e9gories de donn\u00e9es \u00e0 caract\u00e8re personnel que nous pourrions recueillir ou d\u00e9tenir sur vous, comment nous les utilisons et pourquoi, avec qui nous les partageons, comment nous les prot\u00e9geons,...","og_url":"https:\/\/myclass.mc\/en\/privacy-policy\/","og_site_name":"MyClass","article_modified_time":"2026-01-12T15:52:30+00:00","twitter_card":"summary_large_image","twitter_misc":{"Est. reading time":"7 minutes"},"schema":{"@context":"https:\/\/schema.org","@graph":[{"@type":"WebPage","@id":"https:\/\/myclass.mc\/privacy-policy\/","url":"https:\/\/myclass.mc\/privacy-policy\/","name":"Politique de confidentialit\u00e9 - MyClass","isPartOf":{"@id":"https:\/\/myclass.mc\/#website"},"datePublished":"2021-03-11T11:49:39+00:00","dateModified":"2026-01-12T15:52:30+00:00","breadcrumb":{"@id":"https:\/\/myclass.mc\/privacy-policy\/#breadcrumb"},"inLanguage":"en-US","potentialAction":[{"@type":"ReadAction","target":["https:\/\/myclass.mc\/privacy-policy\/"]}]},{"@type":"BreadcrumbList","@id":"https:\/\/myclass.mc\/privacy-policy\/#breadcrumb","itemListElement":[{"@type":"ListItem","position":1,"name":"Accueil","item":"https:\/\/myclass.mc\/"},{"@type":"ListItem","position":2,"name":"Politique de confidentialit\u00e9"}]},{"@type":"WebSite","@id":"https:\/\/myclass.mc\/#website","url":"https:\/\/myclass.mc\/","name":"MyClass","description":"Apprendre en s&#039;amusant !","publisher":{"@id":"https:\/\/myclass.mc\/#organization"},"potentialAction":[{"@type":"SearchAction","target":{"@type":"EntryPoint","urlTemplate":"https:\/\/myclass.mc\/?s={search_term_string}"},"query-input":{"@type":"PropertyValueSpecification","valueRequired":true,"valueName":"search_term_string"}}],"inLanguage":"en-US"},{"@type":"Organization","@id":"https:\/\/myclass.mc\/#organization","name":"MyClass","url":"https:\/\/myclass.mc\/","logo":{"@type":"ImageObject","inLanguage":"en-US","@id":"https:\/\/myclass.mc\/#\/schema\/logo\/image\/","url":"https:\/\/myclass.mc\/wp-content\/uploads\/2021\/01\/00HeaderLogo.png","contentUrl":"https:\/\/myclass.mc\/wp-content\/uploads\/2021\/01\/00HeaderLogo.png","width":134,"height":63,"caption":"MyClass"},"image":{"@id":"https:\/\/myclass.mc\/#\/schema\/logo\/image\/"}}]}},"_links":{"self":[{"href":"https:\/\/myclass.mc\/en\/wp-json\/wp\/v2\/pages\/2644","targetHints":{"allow":["GET"]}}],"collection":[{"href":"https:\/\/myclass.mc\/en\/wp-json\/wp\/v2\/pages"}],"about":[{"href":"https:\/\/myclass.mc\/en\/wp-json\/wp\/v2\/types\/page"}],"author":[{"embeddable":true,"href":"https:\/\/myclass.mc\/en\/wp-json\/wp\/v2\/users\/1"}],"replies":[{"embeddable":true,"href":"https:\/\/myclass.mc\/en\/wp-json\/wp\/v2\/comments?post=2644"}],"version-history":[{"count":0,"href":"https:\/\/myclass.mc\/en\/wp-json\/wp\/v2\/pages\/2644\/revisions"}],"wp:attachment":[{"href":"https:\/\/myclass.mc\/en\/wp-json\/wp\/v2\/media?parent=2644"}],"curies":[{"name":"wp","href":"https:\/\/api.w.org\/{rel}","templated":true}]}}